{"id":2152,"date":"2020-02-28T17:19:42","date_gmt":"2020-02-28T15:19:42","guid":{"rendered":"http:\/\/52.56.69.55\/?page_id=2152"},"modified":"2026-01-29T10:41:28","modified_gmt":"2026-01-29T09:41:28","slug":"privacybeleid","status":"publish","type":"page","link":"https:\/\/parkd.com\/nl\/privacybeleid\/","title":{"rendered":"Privacy Policy [corporate][nl]"},"content":{"rendered":"<h2 class=\"h2\">1. Contactgegevens van de verantwoordelijke voor de verwerking<\/h2>\n<p class=\"p1\">Parkd NV, een naamloze vennootschap met maatschappelijke zetel te 9000 Gent, Vaderlandstraat 112, ingeschreven in het rechtspersonenregister (Ka Gent, Afdeling Gent) onder nummer 0785.477.294 (en verder genoemd \u201c<b class=\"b1\">Parkd<\/b>\u201d) is verantwoordelijk voor de verwerking van de persoonsgegevens die worden verzameld voor het gebruik van de applicatie \u201cParkd\u201d (hierna genoemd \u201c<b class=\"b1\">App<\/b>\u201d), en ziet toe op de vertrouwelijkheid en de veiligheid van deze gegevens.<\/p>\n<p class=\"p1\">U kan Parkd contacteren per brief op de bovenvermelde maatschappelijke zetel of per e-mail op <a class=\"a1\" href=\"mailto:support@parkd.com\">support@parkd.com<\/a><\/p>\n<h2 class=\"h2\">2. Toepassingsgebied<\/h2>\n<p class=\"p1\">Parkd is toegewijd om uw privacy en persoonsgegevens te beschermen in overeenstemming met de toepasselijke Belgische en Europese privacywetgeving, waaronder begrepen maar niet beperkt tot de Algemene Verordening Gegevensbescherming 2016\/679 (en verder genoemd \u201cPrivacywetgeving\u201d).<\/p>\n<p class=\"p1\">Parkd deelt dit privacybeleid mee aan de betrokkene bij de verzameling van zijn of haar persoonsgegevens.<\/p>\n<p class=\"p1\">Dit privacybeleid beschrijft hoe en waarom wij uw persoonsgegevens verzamelen en verwerken, voor welke doeleinden, voor welke periode met wie wij deze gegevens delen, hoe wij deze beschermen en de keuzes die u kan maken over uw persoonsgegevens.<\/p>\n<p class=\"p1\">Bij het installeren van de App wordt u gevraagd om uw uitdrukkelijke toestemming te geven voor de verwerking van persoonsgegevens en dit privacybeleid, in de vormvan een \u201ctick in box\u201d. Wanneer u uw toestemming geeft door middel van het aanklikken van de desbetreffende \u201cbox\u201d, gaat u uitdrukkelijk en ondubbelzinnig akkoord met de hierna vermelde voorwaarden waaronder Parkd deze persoonsgegevens verwerkt en doorgeeft.<\/p>\n<h2 class=\"h2\">3. Verwerking van persoonsgegevens: welke persoonsgegevens worden er verzameld en op welke rechtsgrond worden uw persoonsgegevens verwerkt.<\/h2>\n<p class=\"p1\"><b class=\"b1\">3.1.<\/b> Verzameling en verwerking van persoonsgegevens en doeleinden. Via het gebruik van de App worden volgende <b class=\"b1\">persoonsgegevens<\/b> van de gebruiker van de applicatie verzameld en verwerkt:<\/p>\n<ul class=\"ul1\">\n<li class=\"li1\">profielgegevens (naam, voornaam, geslacht, leeftijd, adres, e-mailadres, wachtwoord);<\/li>\n<li class=\"li1\">kenteken van de wagen;<\/li>\n<li class=\"li1\">(parkeer)locatie;<\/li>\n<li class=\"li1\">parkeerinformatie (start- en stoptijd van de parkeersessie, parkeerzone, etc.);<\/li>\n<li class=\"li1\">locaties en parkeervergunningen; en<\/li>\n<li class=\"li1\">parkeer- &amp; betalingsgegevens \u2013en -historiek.<\/li>\n<\/ul>\n<p class=\"p1\"><b class=\"b1\">3.2.<\/b> De <b class=\"b1\">grondslag<\/b> waarop Parkd zich beroept is de uitvoering van de <b class=\"b1\">overeenkomst<\/b> die werd gesloten met de betrokkene bij de installatie en het eerste gebruik van de App;<\/p>\n<p class=\"p1\"><b class=\"b1\">3.3.<\/b> De persoonsgegevens (vermeld in punt 3.1.) zijn <b class=\"b1\">noodzakelijk<\/b> voor het gebruik, de werking en exploitatie van de App en worden gebruikt voor volgende <b class=\"b1\">doeleinden<\/b>:<\/p>\n<ul class=\"ul1\">\n<li class=\"li1\">de levering van de aangeboden dienst(en) via de App: de bepaling van uw huidige parkeerlocatie, het starten en be\u00ebindigen van parkeersessies, het verzenden van berichten om aankomst(tijden) aan te kondigen e.d.m.;<\/li>\n<li class=\"li1\">de verstrekking van informatie met betrekking tot de aangeboden diensten via de App en veranderingen aan deze App; en<\/li>\n<li class=\"li1\">voor statistische doeleinden en om de werking en het gebruik van de applicatie te analyseren en te optimaliseren, bijvoorbeeld voor de opname van problemen of de verbetering van de aangeboden diensten via de applicatie, door deze aan te passen aan uw behoeften, op basis van de gemaakte klanten profielen en opgeslagen favorieten.<\/li>\n<\/ul>\n<h2 class=\"h2\">4. Doorgifte van uw persoonsgegevens door Parkd<\/h2>\n<p class=\"p1\"><b class=\"b1\">4.1.<\/b> Parkd kan bepaalde persoonsgegevens doorgeven aan volgende derden voor de hogervermelde doeleinden (zie punt 3.1.):<\/p>\n<ul class=\"ul1\">\n<li class=\"li1\"><b class=\"b1\">Parkd Partners<\/b> wat noodzakelijk is voor de werking van de App en de afhandeling van klantenondersteuning;<\/li>\n<li class=\"li1\"><b class=\"b1\">Bevoegde autoriteiten, toezichthouders en parkeerdiensten<\/b> in het kader van (probleem)behandeling van de App of het parkeren, bijvoorbeeld ter verificatie van de parkeersessie;<\/li>\n<li class=\"li1\"><b class=\"b1\">Bevoegde autoriteiten, toezichthouders, juridische raadgevers van Parkd<\/b> indien Parkd strafbare feiten vermoedt en\/of tracht op te sporen, in het kader van de handhaving door derden van hun intellectuele eigendomsrechten, indien Parkd meent dat u de gebruiksvoorwaarden van de App heeft overtreden, indien Parkd haar privacybeleid wenst te handhaven of dreigende en\/of hangende juridische procedures wenst aan te pakken; en<\/li>\n<li class=\"li1\"><b class=\"b1\">Bevoegde autoriteiten en toezichthouders<\/b> om te handelen overeenkomstig toepasselijke (Privacy)wetgeving.<\/li>\n<\/ul>\n<p class=\"p1\">Deze derden handelen als verwerkers\u201d in de zin van de Privacywetgeving waardoor Parkd erop zal toezien dat de persoonsgegevens door deze verwerkers in overeenstemming met de Privacywetgeving verwerkt worden. Parkd beschikt over het recht om periodiek bij de verwerkers te controleren of zij de persoonsgegevens, waarvoor toegang wordt verleend, daadwerkelijk correct verwerken.<\/p>\n<p class=\"p1\"><b class=\"b1\">4.2.<\/b> Parkd zal enkel toegang geven tot de persoonsgegevens die strikt noodzakelijk zijn voor het uitvoeren van de taak van deze derden. De desbetreffende derden zijn verplicht deze persoonsgegevens vertrouwelijk te houden en mogen deze voor geen enkel ander doel gebruiken.<\/p>\n<p class=\"p1\"><b class=\"b1\">4.3.<\/b> Parkd geeft uw persoonsgegevens nooit door naar een derde land buiten de Europese Economische Ruimte. Uw persoonsgegevens kunnen wel worden verwerkt in een ander rechtsgebied dan Belgi\u00eb maar steeds binnen de Europese Economische Ruimte. De overdracht van uw persoonsgegevens gebeurt hierbij steeds conform de Privacywetgeving.<\/p>\n<h2 class=\"h2\">5. Bewaartermijn van uw persoonsgegevens<\/h2>\n<p class=\"p1\"><b class=\"b1\">5.1.<\/b>\u00a0Parkd zal uw persoonsgegevens (vermeld in punt 3.1.) bijhouden gedurende de looptijd van de overeenkomst die u met Parkd heeft gesloten en tot uiterlijk tien jaar na de be\u00ebindiging hiervan en steeds in overeenstemming met de Privacywetgeving.<\/p>\n<p class=\"p1\"><b class=\"b1\">5.2.<\/b> Wanneer de bovenstaande termijnen eindigen, zal Parkd uw persoonsgegevens onmiddellijk vernietigen of anonimiseren, behoudens indien de Privacywetgeving verplicht om bepaalde persoonsgegevens voor een langere termijn te bewaren. In dergelijk geval bewaren wij uitsluitend deze specifieke persoonsgegevens gedurende de wettelijke bewaartermijn en worden deze verwijderd of geanonimiseerd na afloop hiervan.<\/p>\n<p class=\"p1\"><b class=\"b1\">5.3.<\/b> De verwijdering van uw persoonsgegevens kan de stopzetting van de dienstverlening tot gevolg hebben, indien de kwestieuze gegevens noodzakelijk zijn voor het verlenen van de dienst. U heeft tevens via uw account toegang tot uw profielgegevens om deze te beheren, aan te passen, te verbeteren en te verwijderen (zie ook punt 6.).<\/p>\n<h2 class=\"h2\">6. Uw recht van toegang tot, aanpassing en verbetering van uw persoonsgegevens<\/h2>\n<p class=\"p1\"><b class=\"b1\">6.1.<\/b> U beschikt steeds over het recht om u kosteloos te verzetten tegen de verwerking van uw persoonsgegevens, alsook het recht op toegang, informatie, aanpassing, verbetering, overdraagbaarheid en verwijdering van uw persoonsgegevens die wij verwerken.<\/p>\n<p class=\"p1\"><b class=\"b1\">6.2.<\/b> U kunt bovenstaande rechten uitoefenen door een verzoek of klacht in te dienen door contact op te nemen per e-mail met <a class=\"a1\" href=\"malto:support@parkd.com\">support@parkd.com<\/a> of per brief naar de maatschappelijke zetel van Parkd (Vaderlandstraat 112, 9000 Gent, ter attentie van Privacy verantwoordelijke). Parkd reageert op uw verzoek zonder onredelijke vertraging en binnen \u00e9\u00e9n maand vanaf het ontvangst van uw verzoek. Parkd kan u hierbij verzoeken om uw identiteit op redelijke wijze te verifi\u00ebren.<\/p>\n<p class=\"p1\">Parkd zal alle redelijke en praktische inspanningen leveren om aan uw verzoek te voldoen, op voorwaarde dat dit in overeenstemming is met de Privacywetgeving.<\/p>\n<p class=\"p1\"><b class=\"b1\">6.3.<\/b> Ten slotte heeft u ook het recht om een klacht in te dienen bij de toezichthoudende autoriteit op volgende contactgegevens:<\/p>\n<p class=\"p1\"><b class=\"b1\">Gegevensbeschermingsautoriteit<\/b><br \/>\nDrukpersstraat 35, 1000 Brussel<br \/>\n+32 (0)2 274 48 00<br \/>\n<a class=\"a1\" href=\"mailto:contact@apd-gba.be\">contact@apd-gba.be<\/a><\/p>\n<h2 class=\"h2\">7. Bescherming van uw persoonsgegevens<\/h2>\n<p class=\"p1\">Parkd verbindt zich ertoe om alle gepaste technische en organisatorische maatregelen te treffen om uw persoonsgegevens te beschermen tegen vernietiging, verlies, onbedoelde wijziging, beschadiging of ongewilde openbaarmaking<\/p>\n<h2 class=\"h2\">8. Cookiebeleid van Parkd<\/h2>\n<p class=\"p1\">Deze website en App maakt gebruik van cookies om uw gebruikservaring te verbeteren. Meer details kan u terugvinden in het <a class=\"a1\" href=\"http:\/\/parkd.com\/cookiebeleid\/\">cookiebeleid van Parkd<\/a>.<\/p>\n<h2 class=\"h2\">9. Aanpassingen aan dit privacybeleid<\/h2>\n<p class=\"p1\"><b class=\"b1\">9.1.<\/b> Parkd behoudt zich het recht voor om dit privacybeleid op elk ogenblik te wijzigen. Ingeval er belangrijke wijzigingen plaatsvinden, brengen wij u hiervan op de hoogte per e-mail en verzoeken wij uw uitdrukkelijke aanvaarding van de wijzigingen. Indien u niet akkoord gaat, zullen wij de verwerking van uw persoonsgegevens stopzetten in overeenstemming met dit privacybeleid (zie onder meer punten 5. en 6.)<\/p>\n<p class=\"p1\"><b class=\"b1\">9.2. <\/b>In ieder geval kan u de meest recente versie van dit privacybeleid steeds raadplegen op <a class=\"a1\" href=\"http:\/\/parkd.com\/privacybeleid\/\">www.parkd.com\/nl\/privacybeleid\/<\/a>. Wij raden u aan om regelmatig dit privacybeleid te bekijken om enige wijzigingen na te gaan.<\/p>\n<p class=\"p1\">De laatste versie van dit privacybeleid dateert van 3 Mei 2021.<\/p>\n","protected":false},"excerpt":{"rendered":"<p>1. Contactgegevens van de verantwoordelijke voor de verwerking Parkd NV, een naamloze vennootschap met maatschappelijke zetel te 9000 Gent, Vaderlandstraat 112, ingeschreven in het rechtspersonenregister (Ka Gent, Afdeling Gent) onder nummer 0785.477.294 (en verder genoemd \u201cParkd\u201d) is verantwoordelijk voor de [&hellip;]<\/p>\n","protected":false},"author":1,"featured_media":2149,"parent":0,"menu_order":0,"comment_status":"closed","ping_status":"closed","template":"template-pages-corporate\/page-content-editor.php","meta":{"content-type":"","footnotes":""},"class_list":["post-2152","page","type-page","status-publish","has-post-thumbnail","hentry"],"acf":[],"yoast_head":"<!-- This site is optimized with the Yoast SEO plugin v27.3 - https:\/\/yoast.com\/product\/yoast-seo-wordpress\/ -->\n<title>Privacybeleid - Parkd<\/title>\n<meta name=\"robots\" content=\"index, follow, max-snippet:-1, max-image-preview:large, max-video-preview:-1\" \/>\n<link rel=\"canonical\" href=\"https:\/\/parkd.com\/nl\/privacybeleid\/\" \/>\n<meta property=\"og:locale\" content=\"nl_NL\" \/>\n<meta property=\"og:type\" content=\"article\" \/>\n<meta property=\"og:title\" content=\"Privacybeleid - Parkd\" \/>\n<meta property=\"og:description\" content=\"1. Contactgegevens van de verantwoordelijke voor de verwerking Parkd NV, een naamloze vennootschap met maatschappelijke zetel te 9000 Gent, Vaderlandstraat 112, ingeschreven in het rechtspersonenregister (Ka Gent, Afdeling Gent) onder nummer 0785.477.294 (en verder genoemd \u201cParkd\u201d) is verantwoordelijk voor de [&hellip;]\" \/>\n<meta property=\"og:url\" content=\"https:\/\/parkd.com\/nl\/privacybeleid\/\" \/>\n<meta property=\"og:site_name\" content=\"Parkd\" \/>\n<meta property=\"article:publisher\" content=\"https:\/\/www.facebook.com\/parkdnl\/\" \/>\n<meta property=\"article:modified_time\" content=\"2026-01-29T09:41:28+00:00\" \/>\n<meta property=\"og:image\" content=\"https:\/\/parkd.com\/wp-content\/uploads\/2020\/02\/AdobeStock_271588937.jpg\" \/>\n\t<meta property=\"og:image:width\" content=\"2400\" \/>\n\t<meta property=\"og:image:height\" content=\"990\" \/>\n\t<meta property=\"og:image:type\" content=\"image\/jpeg\" \/>\n<meta name=\"twitter:card\" content=\"summary_large_image\" \/>\n<meta name=\"twitter:site\" content=\"@iamparkd\" \/>\n<meta name=\"twitter:label1\" content=\"Geschatte leestijd\" \/>\n\t<meta name=\"twitter:data1\" content=\"6 minuten\" \/>\n<script type=\"application\/ld+json\" class=\"yoast-schema-graph\">{\"@context\":\"https:\\\/\\\/schema.org\",\"@graph\":[{\"@type\":\"WebPage\",\"@id\":\"https:\\\/\\\/parkd.com\\\/nl\\\/privacybeleid\\\/\",\"url\":\"https:\\\/\\\/parkd.com\\\/nl\\\/privacybeleid\\\/\",\"name\":\"Privacybeleid - Parkd\",\"isPartOf\":{\"@id\":\"https:\\\/\\\/parkd.com\\\/nl\\\/#website\"},\"primaryImageOfPage\":{\"@id\":\"https:\\\/\\\/parkd.com\\\/nl\\\/privacybeleid\\\/#primaryimage\"},\"image\":{\"@id\":\"https:\\\/\\\/parkd.com\\\/nl\\\/privacybeleid\\\/#primaryimage\"},\"thumbnailUrl\":\"https:\\\/\\\/parkd.com\\\/wp-content\\\/uploads\\\/2020\\\/02\\\/AdobeStock_271588937.jpg\",\"datePublished\":\"2020-02-28T15:19:42+00:00\",\"dateModified\":\"2026-01-29T09:41:28+00:00\",\"breadcrumb\":{\"@id\":\"https:\\\/\\\/parkd.com\\\/nl\\\/privacybeleid\\\/#breadcrumb\"},\"inLanguage\":\"nl-NL\",\"potentialAction\":[{\"@type\":\"ReadAction\",\"target\":[\"https:\\\/\\\/parkd.com\\\/nl\\\/privacybeleid\\\/\"]}]},{\"@type\":\"ImageObject\",\"inLanguage\":\"nl-NL\",\"@id\":\"https:\\\/\\\/parkd.com\\\/nl\\\/privacybeleid\\\/#primaryimage\",\"url\":\"https:\\\/\\\/parkd.com\\\/wp-content\\\/uploads\\\/2020\\\/02\\\/AdobeStock_271588937.jpg\",\"contentUrl\":\"https:\\\/\\\/parkd.com\\\/wp-content\\\/uploads\\\/2020\\\/02\\\/AdobeStock_271588937.jpg\",\"width\":2400,\"height\":990},{\"@type\":\"BreadcrumbList\",\"@id\":\"https:\\\/\\\/parkd.com\\\/nl\\\/privacybeleid\\\/#breadcrumb\",\"itemListElement\":[{\"@type\":\"ListItem\",\"position\":1,\"name\":\"Home\",\"item\":\"https:\\\/\\\/parkd.com\\\/nl\\\/\"},{\"@type\":\"ListItem\",\"position\":2,\"name\":\"Privacy Policy [corporate][nl]\"}]},{\"@type\":\"WebSite\",\"@id\":\"https:\\\/\\\/parkd.com\\\/nl\\\/#website\",\"url\":\"https:\\\/\\\/parkd.com\\\/nl\\\/\",\"name\":\"Parkd\",\"description\":\"Parking so simple it feels like magic.\",\"publisher\":{\"@id\":\"https:\\\/\\\/parkd.com\\\/nl\\\/#organization\"},\"potentialAction\":[{\"@type\":\"SearchAction\",\"target\":{\"@type\":\"EntryPoint\",\"urlTemplate\":\"https:\\\/\\\/parkd.com\\\/nl\\\/?s={search_term_string}\"},\"query-input\":{\"@type\":\"PropertyValueSpecification\",\"valueRequired\":true,\"valueName\":\"search_term_string\"}}],\"inLanguage\":\"nl-NL\"},{\"@type\":\"Organization\",\"@id\":\"https:\\\/\\\/parkd.com\\\/nl\\\/#organization\",\"name\":\"Parkd\",\"url\":\"https:\\\/\\\/parkd.com\\\/nl\\\/\",\"logo\":{\"@type\":\"ImageObject\",\"inLanguage\":\"nl-NL\",\"@id\":\"https:\\\/\\\/parkd.com\\\/nl\\\/#\\\/schema\\\/logo\\\/image\\\/\",\"url\":\"http:\\\/\\\/parkd.com\\\/wp-content\\\/uploads\\\/2017\\\/09\\\/parkd-logo-white-blue.png\",\"contentUrl\":\"http:\\\/\\\/parkd.com\\\/wp-content\\\/uploads\\\/2017\\\/09\\\/parkd-logo-white-blue.png\",\"width\":600,\"height\":600,\"caption\":\"Parkd\"},\"image\":{\"@id\":\"https:\\\/\\\/parkd.com\\\/nl\\\/#\\\/schema\\\/logo\\\/image\\\/\"},\"sameAs\":[\"https:\\\/\\\/www.facebook.com\\\/parkdnl\\\/\",\"https:\\\/\\\/x.com\\\/iamparkd\",\"https:\\\/\\\/www.instagram.com\\\/iamparkd\\\/\",\"https:\\\/\\\/www.linkedin.com\\\/company\\\/17925645\\\/\"]}]}<\/script>\n<!-- \/ Yoast SEO plugin. -->","yoast_head_json":{"title":"Privacybeleid - Parkd","robots":{"index":"index","follow":"follow","max-snippet":"max-snippet:-1","max-image-preview":"max-image-preview:large","max-video-preview":"max-video-preview:-1"},"canonical":"https:\/\/parkd.com\/nl\/privacybeleid\/","og_locale":"nl_NL","og_type":"article","og_title":"Privacybeleid - Parkd","og_description":"1. Contactgegevens van de verantwoordelijke voor de verwerking Parkd NV, een naamloze vennootschap met maatschappelijke zetel te 9000 Gent, Vaderlandstraat 112, ingeschreven in het rechtspersonenregister (Ka Gent, Afdeling Gent) onder nummer 0785.477.294 (en verder genoemd \u201cParkd\u201d) is verantwoordelijk voor de [&hellip;]","og_url":"https:\/\/parkd.com\/nl\/privacybeleid\/","og_site_name":"Parkd","article_publisher":"https:\/\/www.facebook.com\/parkdnl\/","article_modified_time":"2026-01-29T09:41:28+00:00","og_image":[{"width":2400,"height":990,"url":"https:\/\/parkd.com\/wp-content\/uploads\/2020\/02\/AdobeStock_271588937.jpg","type":"image\/jpeg"}],"twitter_card":"summary_large_image","twitter_site":"@iamparkd","twitter_misc":{"Geschatte leestijd":"6 minuten"},"schema":{"@context":"https:\/\/schema.org","@graph":[{"@type":"WebPage","@id":"https:\/\/parkd.com\/nl\/privacybeleid\/","url":"https:\/\/parkd.com\/nl\/privacybeleid\/","name":"Privacybeleid - Parkd","isPartOf":{"@id":"https:\/\/parkd.com\/nl\/#website"},"primaryImageOfPage":{"@id":"https:\/\/parkd.com\/nl\/privacybeleid\/#primaryimage"},"image":{"@id":"https:\/\/parkd.com\/nl\/privacybeleid\/#primaryimage"},"thumbnailUrl":"https:\/\/parkd.com\/wp-content\/uploads\/2020\/02\/AdobeStock_271588937.jpg","datePublished":"2020-02-28T15:19:42+00:00","dateModified":"2026-01-29T09:41:28+00:00","breadcrumb":{"@id":"https:\/\/parkd.com\/nl\/privacybeleid\/#breadcrumb"},"inLanguage":"nl-NL","potentialAction":[{"@type":"ReadAction","target":["https:\/\/parkd.com\/nl\/privacybeleid\/"]}]},{"@type":"ImageObject","inLanguage":"nl-NL","@id":"https:\/\/parkd.com\/nl\/privacybeleid\/#primaryimage","url":"https:\/\/parkd.com\/wp-content\/uploads\/2020\/02\/AdobeStock_271588937.jpg","contentUrl":"https:\/\/parkd.com\/wp-content\/uploads\/2020\/02\/AdobeStock_271588937.jpg","width":2400,"height":990},{"@type":"BreadcrumbList","@id":"https:\/\/parkd.com\/nl\/privacybeleid\/#breadcrumb","itemListElement":[{"@type":"ListItem","position":1,"name":"Home","item":"https:\/\/parkd.com\/nl\/"},{"@type":"ListItem","position":2,"name":"Privacy Policy [corporate][nl]"}]},{"@type":"WebSite","@id":"https:\/\/parkd.com\/nl\/#website","url":"https:\/\/parkd.com\/nl\/","name":"Parkd","description":"Parking so simple it feels like magic.","publisher":{"@id":"https:\/\/parkd.com\/nl\/#organization"},"potentialAction":[{"@type":"SearchAction","target":{"@type":"EntryPoint","urlTemplate":"https:\/\/parkd.com\/nl\/?s={search_term_string}"},"query-input":{"@type":"PropertyValueSpecification","valueRequired":true,"valueName":"search_term_string"}}],"inLanguage":"nl-NL"},{"@type":"Organization","@id":"https:\/\/parkd.com\/nl\/#organization","name":"Parkd","url":"https:\/\/parkd.com\/nl\/","logo":{"@type":"ImageObject","inLanguage":"nl-NL","@id":"https:\/\/parkd.com\/nl\/#\/schema\/logo\/image\/","url":"http:\/\/parkd.com\/wp-content\/uploads\/2017\/09\/parkd-logo-white-blue.png","contentUrl":"http:\/\/parkd.com\/wp-content\/uploads\/2017\/09\/parkd-logo-white-blue.png","width":600,"height":600,"caption":"Parkd"},"image":{"@id":"https:\/\/parkd.com\/nl\/#\/schema\/logo\/image\/"},"sameAs":["https:\/\/www.facebook.com\/parkdnl\/","https:\/\/x.com\/iamparkd","https:\/\/www.instagram.com\/iamparkd\/","https:\/\/www.linkedin.com\/company\/17925645\/"]}]}},"_links":{"self":[{"href":"https:\/\/parkd.com\/nl\/wp-json\/wp\/v2\/pages\/2152","targetHints":{"allow":["GET"]}}],"collection":[{"href":"https:\/\/parkd.com\/nl\/wp-json\/wp\/v2\/pages"}],"about":[{"href":"https:\/\/parkd.com\/nl\/wp-json\/wp\/v2\/types\/page"}],"author":[{"embeddable":true,"href":"https:\/\/parkd.com\/nl\/wp-json\/wp\/v2\/users\/1"}],"replies":[{"embeddable":true,"href":"https:\/\/parkd.com\/nl\/wp-json\/wp\/v2\/comments?post=2152"}],"version-history":[{"count":22,"href":"https:\/\/parkd.com\/nl\/wp-json\/wp\/v2\/pages\/2152\/revisions"}],"predecessor-version":[{"id":5019,"href":"https:\/\/parkd.com\/nl\/wp-json\/wp\/v2\/pages\/2152\/revisions\/5019"}],"wp:featuredmedia":[{"embeddable":true,"href":"https:\/\/parkd.com\/nl\/wp-json\/wp\/v2\/media\/2149"}],"wp:attachment":[{"href":"https:\/\/parkd.com\/nl\/wp-json\/wp\/v2\/media?parent=2152"}],"curies":[{"name":"wp","href":"https:\/\/api.w.org\/{rel}","templated":true}]}}