{"id":4377,"date":"2020-02-28T17:15:16","date_gmt":"2020-02-28T15:15:16","guid":{"rendered":"https:\/\/parkd.com\/privacy-policy\/"},"modified":"2026-01-29T10:46:09","modified_gmt":"2026-01-29T09:46:09","slug":"privacy-policy","status":"publish","type":"page","link":"https:\/\/parkd.com\/fr\/privacy-policy\/","title":{"rendered":"Privacy Policy [FR]"},"content":{"rendered":"<h2>1. Coordonn\u00e9es du responsable du traitement des donn\u00e9es<\/h2>\n<p>Parkd SA, une soci\u00e9t\u00e9 anonyme dont le si\u00e8ge social est sis Vaderlandstraat 112, 9000 Gent, inscrite \u00e0 la Banque-Carrefour des Entreprises sous le num\u00e9ro 0785.477.294 (et ci-apr\u00e8s d\u00e9nomm\u00e9e \u00ab <strong>Parkd\u00a0<\/strong>\u00bb) est responsable du traitement des donn\u00e9es \u00e0 caract\u00e8re personnel collect\u00e9es pour l\u2019utilisation de l\u2019application \u00ab\u00a0Parkd\u00a0\u00bb (ci-apr\u00e8s d\u00e9nomm\u00e9e l\u2019\u00ab\u00a0<strong>app\u00a0<\/strong>\u00bb), et assure la confidentialit\u00e9 et la s\u00e9curit\u00e9 de ces donn\u00e9es.<\/p>\n<p>Vous pouvez contacter Parkd par courrier adress\u00e9 au si\u00e8ge social ci-avant ou par e-mail \u00e0 l\u2019adresse <a href=\"mailto:support@parkd.com\">support@parkd.com<\/a>.<\/p>\n<h2>2. Champ d\u2019application<\/h2>\n<p>Parkd s\u2019engage \u00e0 prot\u00e9ger votre vie priv\u00e9e et vos donn\u00e9es \u00e0 caract\u00e8re personnel conform\u00e9ment \u00e0 la l\u00e9gislation belge et europ\u00e9enne applicable en mati\u00e8re de protection de la vie priv\u00e9e, notamment, mais sans s\u2019y limiter, le r\u00e8glement g\u00e9n\u00e9ral sur la protection des donn\u00e9es\u00a02016\/679 (ci-apr\u00e8s d\u00e9nomm\u00e9 \u00ab\u00a0l\u00e9gislation en mati\u00e8re de protection de la vie priv\u00e9e\u00a0\u00bb).<\/p>\n<p>La pr\u00e9sente politique de confidentialit\u00e9 d\u00e9crit comment et pourquoi nous collectons et traitons vos informations personnelles, \u00e0 quelles fins, pendant combien de temps et avec qui nous les partageons, comment nous les prot\u00e9geons ainsi que les choix que vous pouvez faire concernant ces informations personnelles.<\/p>\n<p>Lors de l\u2019installation de l\u2019app, il vous sera demand\u00e9 de donner votre consentement explicite au traitement des donn\u00e9es \u00e0 caract\u00e8re personnel sans ambigu\u00eft\u00e9 et d\u2019accepter la pr\u00e9sente politique de confidentialit\u00e9 en cochant une case. Lorsque vous donnez votre consentement en cochant cette case, vous acceptez explicitement et sans \u00e9quivoque les conditions \u00e9nonc\u00e9es ci-apr\u00e8s qui r\u00e9gissent le traitement et le transfert de ces donn\u00e9es \u00e0 caract\u00e8re personnel par Parkd.<\/p>\n<h2>3. Traitement des donn\u00e9es \u00e0 caract\u00e8re personnel\u00a0: quelles donn\u00e9es \u00e0 caract\u00e8re personnel sont collect\u00e9es et selon quel fondement juridique sont-elles trait\u00e9es\u00a0?<\/h2>\n<p><strong>3.1 <\/strong>Collecte et traitement des <strong>donn\u00e9es \u00e0 caract\u00e8re personnel <\/strong>et finalit\u00e9s. L\u2019utilisation de l\u2019app implique la collecte et le traitement des donn\u00e9es \u00e0 caract\u00e8re personnel suivantes concernant l\u2019utilisateur\u00a0:<\/p>\n<ul>\n<li>informations de profil [nom, pr\u00e9nom, sexe, \u00e2ge, num\u00e9ro de t\u00e9l\u00e9phone (mobile), adresse, adresse e-mail, mot de passe]\u00a0;<\/li>\n<li>plaque d\u2019immatriculation de la voiture\u00a0;<\/li>\n<li>emplacement (de stationnement)\u00a0;<\/li>\n<li>informations relatives au stationnement (heure de d\u00e9but et de fin de la session de stationnement, zone de stationnement, etc.)\u00a0;<\/li>\n<li>emplacements et autorisations de stationnement\u00a0;<\/li>\n<li>donn\u00e9es et historique de stationnement et de paiement.<\/li>\n<\/ul>\n<p><strong>3.2 <\/strong>Pour le traitement des donn\u00e9es \u00e0 caract\u00e8re personnel, Parkd <strong>se base<\/strong> sur l\u2019ex\u00e9cution de la <strong>convention <\/strong>conclue avec la partie impliqu\u00e9e dans l\u2019installation et la premi\u00e8re utilisation de l\u2019app.<\/p>\n<p><strong>3.3 <\/strong>Les donn\u00e9es \u00e0 caract\u00e8re personnel (mentionn\u00e9es au point\u00a03.1) sont <strong>n\u00e9cessaires <\/strong>\u00e0 l\u2019utilisation et au fonctionnement de l\u2019app et sont utilis\u00e9es aux <strong>fins<\/strong> suivantes\u00a0:<\/p>\n<ul>\n<li>fournir le(s) service(s) offert(s) via l\u2019app\u00a0: d\u00e9terminer votre emplacement de stationnement actuel, entamer et cl\u00f4turer vos sessions de stationnement, envoyer des messages pour annoncer l\u2019arriv\u00e9e (heures), etc. ;<\/li>\n<li>fournir des informations sur les services offerts via l\u2019app et sur les modifications apport\u00e9es \u00e0 cette app\u00a0;<\/li>\n<li>\u00e9tablir des statistiques ainsi qu\u2019analyser et optimiser le fonctionnement et l\u2019utilisation de l\u2019app, par exemple\u00a0: enregistrer des probl\u00e8mes ou am\u00e9liorer les services offerts via l\u2019app en les adaptant \u00e0 vos besoins, sur la base des profils de clients cr\u00e9\u00e9s et des favoris sauvegard\u00e9s.<\/li>\n<\/ul>\n<h2>4. Transfert de vos donn\u00e9es \u00e0 caract\u00e8re personnel par Parkd<\/h2>\n<p><strong>4.1 <\/strong>Parkd peut transf\u00e9rer certaines donn\u00e9es \u00e0 caract\u00e8re personnel aux tiers suivants aux fins ci-avant (cf. point 3.1) :<\/p>\n<ul>\n<li><strong>les partenaires de Parkd, <\/strong>si ce transfert est n\u00e9cessaire au fonctionnement de l\u2019app et \u00e0 l\u2019organisation de l\u2019assistance \u00e0 la client\u00e8le\u00a0;<\/li>\n<li><strong>les autorit\u00e9s comp\u00e9tentes, les superviseurs et les services de stationnement <\/strong>dans le cadre de la gestion de (probl\u00e8mes avec) l\u2019app ou du stationnement, par exemple pour v\u00e9rifier la session de stationnement\u00a0;<\/li>\n<li><strong>les autorit\u00e9s comp\u00e9tentes, les r\u00e9gulateurs et les conseillers juridiques de Parkd <\/strong>si Parkd soup\u00e7onne et\/ou tente de d\u00e9tecter des infractions p\u00e9nales, li\u00e9es \u00e0 des tiers faisant respecter leurs droits de propri\u00e9t\u00e9 intellectuelle, si Parkd estime que vous n\u2019avez pas respect\u00e9 les conditions d\u2019utilisation de l\u2019app, si Parkd souhaite faire respecter sa politique de confidentialit\u00e9 ou r\u00e9agir dans le cadre de proc\u00e9dures judiciaires pr\u00e9sum\u00e9es et\/ou en cours\u00a0;<\/li>\n<li><strong>les autorit\u00e9s comp\u00e9tentes et les r\u00e9gulateurs <\/strong>qui doivent agir conform\u00e9ment \u00e0 la l\u00e9gislation applicable (en mati\u00e8re de protection de la vie priv\u00e9e).<\/li>\n<\/ul>\n<p>Ces tiers agissent au titre de \u00ab\u00a0sous-traitants\u00a0\u00bb au sens de la l\u00e9gislation en mati\u00e8re de protection de la vie priv\u00e9e\u00a0: Parkd veillera \u00e0 ce que ces sous-traitants traitent les donn\u00e9es \u00e0 caract\u00e8re personnel conform\u00e9ment \u00e0 la l\u00e9gislation en mati\u00e8re de protection de la vie priv\u00e9e. Parkd a le droit de v\u00e9rifier p\u00e9riodiquement que les sous-traitants traitent correctement les donn\u00e9es \u00e0 caract\u00e8re personnel auxquelles l\u2019acc\u00e8s est accord\u00e9, conform\u00e9ment \u00e0 la l\u00e9gislation applicable en mati\u00e8re de protection de la vie priv\u00e9e.<\/p>\n<p><strong>4.2 <\/strong>Parkd donnera uniquement acc\u00e8s aux donn\u00e9es \u00e0 caract\u00e8re personnel strictement n\u00e9cessaires \u00e0 l\u2019ex\u00e9cution des t\u00e2ches de ces tiers. Les tiers concern\u00e9s sont tenus de garder ces donn\u00e9es \u00e0 caract\u00e8re personnel confidentielles et ne peuvent pas les utiliser \u00e0 d\u2019autres fins.<\/p>\n<p><strong>4.3 <\/strong>Parkd ne transf\u00e9rera jamais vos donn\u00e9es \u00e0 caract\u00e8re personnel vers un pays tiers situ\u00e9 hors de l\u2019Espace \u00e9conomique europ\u00e9en. Vos donn\u00e9es \u00e0 caract\u00e8re personnel peuvent \u00eatre trait\u00e9es dans une juridiction autre que la Belgique, mais toujours au sein de l\u2019Espace \u00e9conomique europ\u00e9en. Le transfert de vos donn\u00e9es \u00e0 caract\u00e8re personnel s\u2019effectue toujours conform\u00e9ment \u00e0 la l\u00e9gislation en mati\u00e8re de protection de la vie priv\u00e9e.<\/p>\n<h2>5. D\u00e9lai de conservation des donn\u00e9es \u00e0 caract\u00e8re personnel<\/h2>\n<p><strong>5.1 <\/strong>Parkd conservera vos donn\u00e9es \u00e0 caract\u00e8re personnel (comme mentionn\u00e9 au point 3.1) pendant la dur\u00e9e de la convention que vous avez conclue avec Parkd et pendant un maximum de dix ans apr\u00e8s sa r\u00e9siliation, toujours conform\u00e9ment \u00e0 la l\u00e9gislation en mati\u00e8re de protection de la vie priv\u00e9e.<\/p>\n<p>Les donn\u00e9es \u00e0 caract\u00e8re personnel que Parkd collecte \u00e0 votre sujet dans le cadre du traitement d\u2019une r\u00e9clamation ou d\u2019un commentaire ou dans le cadre de l\u2019exercice de vos droits (cf. point\u00a06) seront conserv\u00e9es aussi longtemps que n\u00e9cessaire pour donner suite \u00e0 votre requ\u00eate.<\/p>\n<p><strong>5.2 <\/strong>\u00c0 l\u2019expiration des d\u00e9lais susmentionn\u00e9s, Parkd d\u00e9truira ou anonymisera imm\u00e9diatement vos donn\u00e9es \u00e0 caract\u00e8re personnel, sauf si la l\u00e9gislation en mati\u00e8re de protection de la vie priv\u00e9e exige que certaines donn\u00e9es \u00e0 caract\u00e8re personnel soient conserv\u00e9es pendant un d\u00e9lai plus long. Dans ce cas, nous ne conserverons ces donn\u00e9es \u00e0 caract\u00e8re personnel pr\u00e9cises que pendant le d\u00e9lai de conservation l\u00e9gal, apr\u00e8s quoi elles seront supprim\u00e9es ou anonymis\u00e9es.<\/p>\n<p><strong>5.3 <\/strong>La suppression de vos donn\u00e9es \u00e0 caract\u00e8re personnel peut entra\u00eener l\u2019interruption du service si les donn\u00e9es en question sont n\u00e9cessaires \u00e0 la fourniture du service. Vous pouvez \u00e9galement acc\u00e9der \u00e0 vos donn\u00e9es de profil via votre compte pour les g\u00e9rer, les modifier, les corriger et les supprimer (cf. aussi point\u00a06).<\/p>\n<h2>6. Votre droit de consultation, de modification, de suppression et de rectification de vos donn\u00e9es \u00e0 caract\u00e8re personnel<\/h2>\n<p><strong>6.1 <\/strong>Vous avez toujours le droit de vous opposer gratuitement au traitement de vos donn\u00e9es \u00e0 caract\u00e8re personnel. Vous disposez \u00e9galement d\u2019autres droits sur les donn\u00e9es \u00e0 caract\u00e8re personnel que nous traitons \u00e0 votre sujet\u00a0: acc\u00e8s, information, adaptation, rectification, transfert et suppression.<\/p>\n<p><strong>6.2 <\/strong>Pour exercer les droits ci-avant, vous pouvez soumettre une demande ou une r\u00e9clamation en nous contactant par e-mail \u00e0 l\u2019adresse <a href=\"mailto:support@parkd.com\">support@parkd.com<\/a> ou par courrier adress\u00e9 au si\u00e8ge social de Parkd (Vaderlandstraat 112, 9000 Gent, \u00e0 l\u2019attention du d\u00e9l\u00e9gu\u00e9 \u00e0 la protection des donn\u00e9es). Parkd r\u00e9pondra \u00e0 votre demande dans un d\u00e9lai raisonnable, dans le mois qui suit la r\u00e9ception de votre demande. Parkd peut vous demander de v\u00e9rifier votre identit\u00e9 de mani\u00e8re raisonnable.<\/p>\n<p>Parkd d\u00e9ploiera tous les efforts pratiques et raisonnables pour r\u00e9pondre \u00e0 votre demande, dans le respect de la l\u00e9gislation en mati\u00e8re de protection de la vie priv\u00e9e.<\/p>\n<p><strong>6.3 <\/strong>Enfin, vous avez le droit d\u2019introduire une r\u00e9clamation aupr\u00e8s de l\u2019autorit\u00e9 de contr\u00f4le. Ses coordonn\u00e9es sont les suivantes\u00a0:<\/p>\n<p><strong>Autorit\u00e9 de protection des donn\u00e9es <\/strong><br \/>\nRue de la Presse\u00a035, 1000 Bruxelles<br \/>\n+32 (0)2 274 48 00<br \/>\n<a href=\"mailto:contact@apd-gba.be\">contact@apd-gba.be<\/a><\/p>\n<h2>7. Protection des donn\u00e9es \u00e0 caract\u00e8re personnel<\/h2>\n<p>Parkd s\u2019engage \u00e0 prendre toutes les mesures techniques et organisationnelles appropri\u00e9es pour prot\u00e9ger vos donn\u00e9es \u00e0 caract\u00e8re personnel contre la destruction, la perte, l\u2019alt\u00e9ration involontaire, les dommages ou la divulgation accidentelle.<\/p>\n<h2>8. Politique de Parkd en mati\u00e8re de cookies<\/h2>\n<p>Ce site web et cette app utilisent des cookies pour am\u00e9liorer votre exp\u00e9rience d\u2019utilisateur. Vous trouverez plus de d\u00e9tails dans la <a href=\"http:\/\/parkd.com\/en\/cookie-policy\/\">politique de Parkd en mati\u00e8re de cookies<\/a>.<\/p>\n<h2>9. Modifications de la pr\u00e9sente politique de confidentialit\u00e9<\/h2>\n<p><strong>9.1 <\/strong>Parkd se r\u00e9serve le droit de modifier la pr\u00e9sente politique de confidentialit\u00e9 \u00e0 tout moment. En cas de modifications majeures, nous vous informerons par e-mail et nous vous demanderons d\u2019accepter express\u00e9ment les modifications. Si vous les refusez, nous cesserons de traiter vos donn\u00e9es \u00e0 caract\u00e8re personnel, conform\u00e9ment \u00e0 la pr\u00e9sente politique de confidentialit\u00e9 (cf. points\u00a05 et 6, entre autres).<\/p>\n<p><strong>9.2 <\/strong>Quoi qu\u2019il en soit, vous pouvez toujours consulter la version la plus r\u00e9cente de cette politique de confidentialit\u00e9 ici\u00a0: <a href=\"http:\/\/parkd.com\/en\/privacy-policy\">http:\/\/parkd.com\/en\/privacy-policy<\/a>. Nous vous recommandons de v\u00e9rifier r\u00e9guli\u00e8rement si des modifications y ont \u00e9t\u00e9 apport\u00e9es.<\/p>\n<p>La derni\u00e8re version de cette politique de confidentialit\u00e9 date du 3 mai 2021.<\/p>\n<p>&nbsp;<\/p>\n","protected":false},"excerpt":{"rendered":"<p>1. Coordonn\u00e9es du responsable du traitement des donn\u00e9es Parkd SA, une soci\u00e9t\u00e9 anonyme dont le si\u00e8ge social est sis Vaderlandstraat 112, 9000 Gent, inscrite \u00e0 la Banque-Carrefour des Entreprises sous le num\u00e9ro 0785.477.294 (et ci-apr\u00e8s d\u00e9nomm\u00e9e \u00ab Parkd\u00a0\u00bb) est responsable [&hellip;]<\/p>\n","protected":false},"author":1,"featured_media":4378,"parent":0,"menu_order":0,"comment_status":"closed","ping_status":"closed","template":"template-pages-corporate\/page-content-editor.php","meta":{"content-type":"","footnotes":""},"class_list":["post-4377","page","type-page","status-publish","has-post-thumbnail","hentry"],"acf":[],"yoast_head":"<!-- This site is optimized with the Yoast SEO plugin v27.3 - https:\/\/yoast.com\/product\/yoast-seo-wordpress\/ -->\n<title>Politique de confidentialit\u00e9 | Parkd<\/title>\n<meta name=\"robots\" content=\"index, follow, max-snippet:-1, max-image-preview:large, max-video-preview:-1\" \/>\n<link rel=\"canonical\" href=\"https:\/\/parkd.com\/fr\/privacy-policy\/\" \/>\n<meta property=\"og:locale\" content=\"fr_FR\" \/>\n<meta property=\"og:type\" content=\"article\" \/>\n<meta property=\"og:title\" content=\"Politique de confidentialit\u00e9 | Parkd\" \/>\n<meta property=\"og:description\" content=\"1. Coordonn\u00e9es du responsable du traitement des donn\u00e9es Parkd SA, une soci\u00e9t\u00e9 anonyme dont le si\u00e8ge social est sis Vaderlandstraat 112, 9000 Gent, inscrite \u00e0 la Banque-Carrefour des Entreprises sous le num\u00e9ro 0785.477.294 (et ci-apr\u00e8s d\u00e9nomm\u00e9e \u00ab Parkd\u00a0\u00bb) est responsable [&hellip;]\" \/>\n<meta property=\"og:url\" content=\"https:\/\/parkd.com\/fr\/privacy-policy\/\" \/>\n<meta property=\"og:site_name\" content=\"Parkd\" \/>\n<meta property=\"article:publisher\" content=\"https:\/\/www.facebook.com\/parkdnl\/\" \/>\n<meta property=\"article:modified_time\" content=\"2026-01-29T09:46:09+00:00\" \/>\n<meta property=\"og:image\" content=\"https:\/\/parkd.com\/wp-content\/uploads\/2020\/02\/AdobeStock_271588937.jpg\" \/>\n\t<meta property=\"og:image:width\" content=\"2400\" \/>\n\t<meta property=\"og:image:height\" content=\"990\" \/>\n\t<meta property=\"og:image:type\" content=\"image\/jpeg\" \/>\n<meta name=\"twitter:card\" content=\"summary_large_image\" \/>\n<meta name=\"twitter:site\" content=\"@iamparkd\" \/>\n<meta name=\"twitter:label1\" content=\"Dur\u00e9e de lecture estim\u00e9e\" \/>\n\t<meta name=\"twitter:data1\" content=\"7 minutes\" \/>\n<script type=\"application\/ld+json\" class=\"yoast-schema-graph\">{\"@context\":\"https:\\\/\\\/schema.org\",\"@graph\":[{\"@type\":\"WebPage\",\"@id\":\"https:\\\/\\\/parkd.com\\\/fr\\\/privacy-policy\\\/\",\"url\":\"https:\\\/\\\/parkd.com\\\/fr\\\/privacy-policy\\\/\",\"name\":\"Politique de confidentialit\u00e9 | Parkd\",\"isPartOf\":{\"@id\":\"https:\\\/\\\/parkd.com\\\/nl\\\/#website\"},\"primaryImageOfPage\":{\"@id\":\"https:\\\/\\\/parkd.com\\\/fr\\\/privacy-policy\\\/#primaryimage\"},\"image\":{\"@id\":\"https:\\\/\\\/parkd.com\\\/fr\\\/privacy-policy\\\/#primaryimage\"},\"thumbnailUrl\":\"https:\\\/\\\/parkd.com\\\/wp-content\\\/uploads\\\/2020\\\/02\\\/AdobeStock_271588937.jpg\",\"datePublished\":\"2020-02-28T15:15:16+00:00\",\"dateModified\":\"2026-01-29T09:46:09+00:00\",\"breadcrumb\":{\"@id\":\"https:\\\/\\\/parkd.com\\\/fr\\\/privacy-policy\\\/#breadcrumb\"},\"inLanguage\":\"fr-FR\",\"potentialAction\":[{\"@type\":\"ReadAction\",\"target\":[\"https:\\\/\\\/parkd.com\\\/fr\\\/privacy-policy\\\/\"]}]},{\"@type\":\"ImageObject\",\"inLanguage\":\"fr-FR\",\"@id\":\"https:\\\/\\\/parkd.com\\\/fr\\\/privacy-policy\\\/#primaryimage\",\"url\":\"https:\\\/\\\/parkd.com\\\/wp-content\\\/uploads\\\/2020\\\/02\\\/AdobeStock_271588937.jpg\",\"contentUrl\":\"https:\\\/\\\/parkd.com\\\/wp-content\\\/uploads\\\/2020\\\/02\\\/AdobeStock_271588937.jpg\",\"width\":2400,\"height\":990},{\"@type\":\"BreadcrumbList\",\"@id\":\"https:\\\/\\\/parkd.com\\\/fr\\\/privacy-policy\\\/#breadcrumb\",\"itemListElement\":[{\"@type\":\"ListItem\",\"position\":1,\"name\":\"Home\",\"item\":\"https:\\\/\\\/parkd.com\\\/fr\\\/\"},{\"@type\":\"ListItem\",\"position\":2,\"name\":\"Privacy Policy [FR]\"}]},{\"@type\":\"WebSite\",\"@id\":\"https:\\\/\\\/parkd.com\\\/nl\\\/#website\",\"url\":\"https:\\\/\\\/parkd.com\\\/nl\\\/\",\"name\":\"Parkd\",\"description\":\"Parking so simple it feels like magic.\",\"publisher\":{\"@id\":\"https:\\\/\\\/parkd.com\\\/nl\\\/#organization\"},\"potentialAction\":[{\"@type\":\"SearchAction\",\"target\":{\"@type\":\"EntryPoint\",\"urlTemplate\":\"https:\\\/\\\/parkd.com\\\/nl\\\/?s={search_term_string}\"},\"query-input\":{\"@type\":\"PropertyValueSpecification\",\"valueRequired\":true,\"valueName\":\"search_term_string\"}}],\"inLanguage\":\"fr-FR\"},{\"@type\":\"Organization\",\"@id\":\"https:\\\/\\\/parkd.com\\\/nl\\\/#organization\",\"name\":\"Parkd\",\"url\":\"https:\\\/\\\/parkd.com\\\/nl\\\/\",\"logo\":{\"@type\":\"ImageObject\",\"inLanguage\":\"fr-FR\",\"@id\":\"https:\\\/\\\/parkd.com\\\/nl\\\/#\\\/schema\\\/logo\\\/image\\\/\",\"url\":\"http:\\\/\\\/parkd.com\\\/wp-content\\\/uploads\\\/2017\\\/09\\\/parkd-logo-white-blue.png\",\"contentUrl\":\"http:\\\/\\\/parkd.com\\\/wp-content\\\/uploads\\\/2017\\\/09\\\/parkd-logo-white-blue.png\",\"width\":600,\"height\":600,\"caption\":\"Parkd\"},\"image\":{\"@id\":\"https:\\\/\\\/parkd.com\\\/nl\\\/#\\\/schema\\\/logo\\\/image\\\/\"},\"sameAs\":[\"https:\\\/\\\/www.facebook.com\\\/parkdnl\\\/\",\"https:\\\/\\\/x.com\\\/iamparkd\",\"https:\\\/\\\/www.instagram.com\\\/iamparkd\\\/\",\"https:\\\/\\\/www.linkedin.com\\\/company\\\/17925645\\\/\"]}]}<\/script>\n<!-- \/ Yoast SEO plugin. -->","yoast_head_json":{"title":"Politique de confidentialit\u00e9 | Parkd","robots":{"index":"index","follow":"follow","max-snippet":"max-snippet:-1","max-image-preview":"max-image-preview:large","max-video-preview":"max-video-preview:-1"},"canonical":"https:\/\/parkd.com\/fr\/privacy-policy\/","og_locale":"fr_FR","og_type":"article","og_title":"Politique de confidentialit\u00e9 | Parkd","og_description":"1. Coordonn\u00e9es du responsable du traitement des donn\u00e9es Parkd SA, une soci\u00e9t\u00e9 anonyme dont le si\u00e8ge social est sis Vaderlandstraat 112, 9000 Gent, inscrite \u00e0 la Banque-Carrefour des Entreprises sous le num\u00e9ro 0785.477.294 (et ci-apr\u00e8s d\u00e9nomm\u00e9e \u00ab Parkd\u00a0\u00bb) est responsable [&hellip;]","og_url":"https:\/\/parkd.com\/fr\/privacy-policy\/","og_site_name":"Parkd","article_publisher":"https:\/\/www.facebook.com\/parkdnl\/","article_modified_time":"2026-01-29T09:46:09+00:00","og_image":[{"width":2400,"height":990,"url":"https:\/\/parkd.com\/wp-content\/uploads\/2020\/02\/AdobeStock_271588937.jpg","type":"image\/jpeg"}],"twitter_card":"summary_large_image","twitter_site":"@iamparkd","twitter_misc":{"Dur\u00e9e de lecture estim\u00e9e":"7 minutes"},"schema":{"@context":"https:\/\/schema.org","@graph":[{"@type":"WebPage","@id":"https:\/\/parkd.com\/fr\/privacy-policy\/","url":"https:\/\/parkd.com\/fr\/privacy-policy\/","name":"Politique de confidentialit\u00e9 | Parkd","isPartOf":{"@id":"https:\/\/parkd.com\/nl\/#website"},"primaryImageOfPage":{"@id":"https:\/\/parkd.com\/fr\/privacy-policy\/#primaryimage"},"image":{"@id":"https:\/\/parkd.com\/fr\/privacy-policy\/#primaryimage"},"thumbnailUrl":"https:\/\/parkd.com\/wp-content\/uploads\/2020\/02\/AdobeStock_271588937.jpg","datePublished":"2020-02-28T15:15:16+00:00","dateModified":"2026-01-29T09:46:09+00:00","breadcrumb":{"@id":"https:\/\/parkd.com\/fr\/privacy-policy\/#breadcrumb"},"inLanguage":"fr-FR","potentialAction":[{"@type":"ReadAction","target":["https:\/\/parkd.com\/fr\/privacy-policy\/"]}]},{"@type":"ImageObject","inLanguage":"fr-FR","@id":"https:\/\/parkd.com\/fr\/privacy-policy\/#primaryimage","url":"https:\/\/parkd.com\/wp-content\/uploads\/2020\/02\/AdobeStock_271588937.jpg","contentUrl":"https:\/\/parkd.com\/wp-content\/uploads\/2020\/02\/AdobeStock_271588937.jpg","width":2400,"height":990},{"@type":"BreadcrumbList","@id":"https:\/\/parkd.com\/fr\/privacy-policy\/#breadcrumb","itemListElement":[{"@type":"ListItem","position":1,"name":"Home","item":"https:\/\/parkd.com\/fr\/"},{"@type":"ListItem","position":2,"name":"Privacy Policy [FR]"}]},{"@type":"WebSite","@id":"https:\/\/parkd.com\/nl\/#website","url":"https:\/\/parkd.com\/nl\/","name":"Parkd","description":"Parking so simple it feels like magic.","publisher":{"@id":"https:\/\/parkd.com\/nl\/#organization"},"potentialAction":[{"@type":"SearchAction","target":{"@type":"EntryPoint","urlTemplate":"https:\/\/parkd.com\/nl\/?s={search_term_string}"},"query-input":{"@type":"PropertyValueSpecification","valueRequired":true,"valueName":"search_term_string"}}],"inLanguage":"fr-FR"},{"@type":"Organization","@id":"https:\/\/parkd.com\/nl\/#organization","name":"Parkd","url":"https:\/\/parkd.com\/nl\/","logo":{"@type":"ImageObject","inLanguage":"fr-FR","@id":"https:\/\/parkd.com\/nl\/#\/schema\/logo\/image\/","url":"http:\/\/parkd.com\/wp-content\/uploads\/2017\/09\/parkd-logo-white-blue.png","contentUrl":"http:\/\/parkd.com\/wp-content\/uploads\/2017\/09\/parkd-logo-white-blue.png","width":600,"height":600,"caption":"Parkd"},"image":{"@id":"https:\/\/parkd.com\/nl\/#\/schema\/logo\/image\/"},"sameAs":["https:\/\/www.facebook.com\/parkdnl\/","https:\/\/x.com\/iamparkd","https:\/\/www.instagram.com\/iamparkd\/","https:\/\/www.linkedin.com\/company\/17925645\/"]}]}},"_links":{"self":[{"href":"https:\/\/parkd.com\/fr\/wp-json\/wp\/v2\/pages\/4377","targetHints":{"allow":["GET"]}}],"collection":[{"href":"https:\/\/parkd.com\/fr\/wp-json\/wp\/v2\/pages"}],"about":[{"href":"https:\/\/parkd.com\/fr\/wp-json\/wp\/v2\/types\/page"}],"author":[{"embeddable":true,"href":"https:\/\/parkd.com\/fr\/wp-json\/wp\/v2\/users\/1"}],"replies":[{"embeddable":true,"href":"https:\/\/parkd.com\/fr\/wp-json\/wp\/v2\/comments?post=4377"}],"version-history":[{"count":5,"href":"https:\/\/parkd.com\/fr\/wp-json\/wp\/v2\/pages\/4377\/revisions"}],"predecessor-version":[{"id":5021,"href":"https:\/\/parkd.com\/fr\/wp-json\/wp\/v2\/pages\/4377\/revisions\/5021"}],"wp:featuredmedia":[{"embeddable":true,"href":"https:\/\/parkd.com\/fr\/wp-json\/wp\/v2\/media\/4378"}],"wp:attachment":[{"href":"https:\/\/parkd.com\/fr\/wp-json\/wp\/v2\/media?parent=4377"}],"curies":[{"name":"wp","href":"https:\/\/api.w.org\/{rel}","templated":true}]}}