{"id":4367,"date":"2020-07-07T17:39:01","date_gmt":"2020-07-07T15:39:01","guid":{"rendered":"https:\/\/parkd.com\/download-case-study\/"},"modified":"2023-09-05T19:15:50","modified_gmt":"2023-09-05T18:15:50","slug":"download-case-study","status":"publish","type":"page","link":"https:\/\/parkd.com\/fr\/download-case-study\/","title":{"rendered":"Download Case Study"},"content":{"rendered":"\n<div class=\"wpcf7 no-js\" id=\"wpcf7-f3052-o1\" lang=\"en-US\" dir=\"ltr\" data-wpcf7-id=\"3052\">\n<div class=\"screen-reader-response\"><p role=\"status\" aria-live=\"polite\" aria-atomic=\"true\"><\/p> <ul><\/ul><\/div>\n<form action=\"\/fr\/wp-json\/wp\/v2\/pages\/4367#wpcf7-f3052-o1\" method=\"post\" class=\"wpcf7-form init\" aria-label=\"Contact form\" novalidate=\"novalidate\" data-status=\"init\">\n<fieldset class=\"hidden-fields-container\"><input type=\"hidden\" name=\"_wpcf7\" value=\"3052\" \/><input type=\"hidden\" name=\"_wpcf7_version\" value=\"6.1.5\" \/><input type=\"hidden\" name=\"_wpcf7_locale\" value=\"en_US\" \/><input type=\"hidden\" name=\"_wpcf7_unit_tag\" value=\"wpcf7-f3052-o1\" \/><input type=\"hidden\" name=\"_wpcf7_container_post\" value=\"0\" \/><input type=\"hidden\" name=\"_wpcf7_posted_data_hash\" value=\"\" \/><input type=\"hidden\" name=\"_wpcf7cf_hidden_group_fields\" value=\"[]\" \/><input type=\"hidden\" name=\"_wpcf7cf_hidden_groups\" value=\"[]\" \/><input type=\"hidden\" name=\"_wpcf7cf_visible_groups\" value=\"[]\" \/><input type=\"hidden\" name=\"_wpcf7cf_repeaters\" value=\"[]\" \/><input type=\"hidden\" name=\"_wpcf7cf_steps\" value=\"{}\" \/><input type=\"hidden\" name=\"_wpcf7cf_options\" value=\"{&quot;form_id&quot;:3052,&quot;conditions&quot;:[],&quot;settings&quot;:{&quot;animation&quot;:&quot;yes&quot;,&quot;animation_intime&quot;:200,&quot;animation_outtime&quot;:200,&quot;conditions_ui&quot;:&quot;normal&quot;,&quot;notice_dismissed&quot;:false}}\" \/><input type=\"hidden\" name=\"_wpcf7_recaptcha_response\" value=\"\" \/>\n<\/fieldset>\n<div class=\"row\">\n          <div class=\"col\">\n            <label>Voor- en achternaam<\/label>\n            <span class=\"wpcf7-form-control-wrap\" data-name=\"cs-fullname\"><input size=\"40\" maxlength=\"400\" class=\"wpcf7-form-control wpcf7-text wpcf7-validates-as-required input-el\" aria-required=\"true\" aria-invalid=\"false\" placeholder=\"Jan Van den Berg\" value=\"\" type=\"text\" name=\"cs-fullname\" \/><\/span>\n          <\/div>\n<\/div>\n\n<div class=\"row\">\n        <div class=\"col\">\n            <label>Bedrijfsnaam<\/label>\n            <span class=\"wpcf7-form-control-wrap\" data-name=\"cs-companyname\"><input size=\"40\" maxlength=\"400\" class=\"wpcf7-form-control wpcf7-text wpcf7-validates-as-required input-el\" aria-required=\"true\" aria-invalid=\"false\" placeholder=\"SpaceX\" value=\"\" type=\"text\" name=\"cs-companyname\" \/><\/span>\n          <\/div>\n        <\/div>\n<div>\n\n<div class=\"row\">\n<div class=\"col\">\n<label>Track-en-trace<\/label>\n            <div class=\"select-wrap\">\n             <span class=\"wpcf7-form-control-wrap\" data-name=\"cs-track-and-trace\"><select class=\"wpcf7-form-control wpcf7-select wpcf7-validates-as-required input-el\" id=\"ideke\" aria-required=\"true\" aria-invalid=\"false\" name=\"cs-track-and-trace\"><option value=\"\">Kies partner<\/option><option value=\"Fleet Complete\">Fleet Complete<\/option><option value=\"FleetGO\">FleetGO<\/option><option value=\"Linqo\">Linqo<\/option><option value=\"MyFMS\">MyFMS<\/option><option value=\"On-Route\">On-Route<\/option><option value=\"RAM Mobile\">RAM Mobile<\/option><option value=\"Suivo\">Suivo<\/option><option value=\"Webfleet Solutions\">Webfleet Solutions<\/option><option value=\"12trace\">12trace<\/option><option value=\"Andere...\">Andere...<\/option><option value=\"Geen\">Geen<\/option><\/select><\/span>\n            <\/div>\n<\/div>\n<\/div>\n\n<div class=\"row\">\n          <div class=\"col\">\n            <label>Email<\/label>\n            <span class=\"wpcf7-form-control-wrap\" data-name=\"cs-email\"><input size=\"40\" maxlength=\"400\" class=\"wpcf7-form-control wpcf7-email wpcf7-validates-as-required wpcf7-text wpcf7-validates-as-email input-el\" aria-required=\"true\" aria-invalid=\"false\" placeholder=\"jouw@email.com\" value=\"\" type=\"email\" name=\"cs-email\" \/><\/span>\n          <\/div>\n<\/div>\n\n\n<div class=\"submit-sending-wrapper\">\n    <div class=\"spinner\">\n        <div class=\"cube1\"><\/div>\n        <div class=\"cube2\"><\/div>\n    <\/div>\n<input class=\"wpcf7-form-control wpcf7-submit has-spinner cta-primary\" type=\"submit\" value=\"Download Case Study\" \/>\n<\/div>\n\n\n<\/div><p style=\"display: none !important;\" class=\"akismet-fields-container\" data-prefix=\"_wpcf7_ak_\"><label>&#916;<textarea name=\"_wpcf7_ak_hp_textarea\" cols=\"45\" rows=\"8\" maxlength=\"100\"><\/textarea><\/label><input type=\"hidden\" id=\"ak_js_1\" name=\"_wpcf7_ak_js\" value=\"99\"\/><script>document.getElementById( \"ak_js_1\" ).setAttribute( \"value\", ( new Date() ).getTime() );<\/script><\/p><div class=\"wpcf7-response-output\" aria-hidden=\"true\"><\/div>\n<\/form>\n<\/div>\n\n","protected":false},"excerpt":{"rendered":"","protected":false},"author":1,"featured_media":4368,"parent":0,"menu_order":0,"comment_status":"closed","ping_status":"closed","template":"template-landingpages\/page-download-case-study.php","meta":{"content-type":"","footnotes":""},"class_list":["post-4367","page","type-page","status-publish","has-post-thumbnail","hentry"],"acf":[],"yoast_head":"<!-- This site is optimized with the Yoast SEO plugin v27.3 - https:\/\/yoast.com\/product\/yoast-seo-wordpress\/ -->\n<title>\u00c9tude de cas : \u00e9conomies de co\u00fbts - Rentokil | Parkd<\/title>\n<meta name=\"description\" content=\"Rentokil Special Hygiene \u00e9conomise 30% sur ses frais de stationnement mensuels et ne re\u00e7oit plus d&#039;amendes de stationnement gr\u00e2ce \u00e0 Parkd. Vous vous demandez comment ces \u00e9conomies sont r\u00e9alis\u00e9es ? T\u00e9l\u00e9chargez l&#039;\u00e9tude de cas gratuite ici.\" \/>\n<meta name=\"robots\" content=\"index, follow, max-snippet:-1, max-image-preview:large, max-video-preview:-1\" \/>\n<link rel=\"canonical\" href=\"https:\/\/parkd.com\/fr\/download-case-study\/\" \/>\n<meta property=\"og:locale\" content=\"fr_FR\" \/>\n<meta property=\"og:type\" content=\"article\" \/>\n<meta property=\"og:title\" content=\"\u00c9tude de cas : \u00e9conomies de co\u00fbts - Rentokil | Parkd\" \/>\n<meta property=\"og:description\" content=\"Rentokil Special Hygiene \u00e9conomise 30% sur ses frais de stationnement mensuels et ne re\u00e7oit plus d&#039;amendes de stationnement gr\u00e2ce \u00e0 Parkd. Vous vous demandez comment ces \u00e9conomies sont r\u00e9alis\u00e9es ? T\u00e9l\u00e9chargez l&#039;\u00e9tude de cas gratuite ici.\" \/>\n<meta property=\"og:url\" content=\"https:\/\/parkd.com\/fr\/download-case-study\/\" \/>\n<meta property=\"og:site_name\" content=\"Parkd\" \/>\n<meta property=\"article:publisher\" content=\"https:\/\/www.facebook.com\/parkdnl\/\" \/>\n<meta property=\"article:modified_time\" content=\"2023-09-05T18:15:50+00:00\" \/>\n<meta property=\"og:image\" content=\"https:\/\/parkd.com\/wp-content\/uploads\/2020\/07\/rentokil-square.jpg\" \/>\n\t<meta property=\"og:image:width\" content=\"952\" \/>\n\t<meta property=\"og:image:height\" content=\"952\" \/>\n\t<meta property=\"og:image:type\" content=\"image\/jpeg\" \/>\n<meta name=\"twitter:card\" content=\"summary_large_image\" \/>\n<meta name=\"twitter:site\" content=\"@iamparkd\" \/>\n<meta name=\"twitter:label1\" content=\"Dur\u00e9e de lecture estim\u00e9e\" \/>\n\t<meta name=\"twitter:data1\" content=\"1 minute\" \/>\n<script type=\"application\/ld+json\" class=\"yoast-schema-graph\">{\"@context\":\"https:\\\/\\\/schema.org\",\"@graph\":[{\"@type\":\"WebPage\",\"@id\":\"https:\\\/\\\/parkd.com\\\/fr\\\/download-case-study\\\/\",\"url\":\"https:\\\/\\\/parkd.com\\\/fr\\\/download-case-study\\\/\",\"name\":\"\u00c9tude de cas : \u00e9conomies de co\u00fbts - Rentokil | Parkd\",\"isPartOf\":{\"@id\":\"https:\\\/\\\/parkd.com\\\/nl\\\/#website\"},\"primaryImageOfPage\":{\"@id\":\"https:\\\/\\\/parkd.com\\\/fr\\\/download-case-study\\\/#primaryimage\"},\"image\":{\"@id\":\"https:\\\/\\\/parkd.com\\\/fr\\\/download-case-study\\\/#primaryimage\"},\"thumbnailUrl\":\"https:\\\/\\\/parkd.com\\\/wp-content\\\/uploads\\\/2020\\\/07\\\/rentokil-square.jpg\",\"datePublished\":\"2020-07-07T15:39:01+00:00\",\"dateModified\":\"2023-09-05T18:15:50+00:00\",\"description\":\"Rentokil Special Hygiene \u00e9conomise 30% sur ses frais de stationnement mensuels et ne re\u00e7oit plus d'amendes de stationnement gr\u00e2ce \u00e0 Parkd. Vous vous demandez comment ces \u00e9conomies sont r\u00e9alis\u00e9es ? T\u00e9l\u00e9chargez l'\u00e9tude de cas gratuite ici.\",\"breadcrumb\":{\"@id\":\"https:\\\/\\\/parkd.com\\\/fr\\\/download-case-study\\\/#breadcrumb\"},\"inLanguage\":\"fr-FR\",\"potentialAction\":[{\"@type\":\"ReadAction\",\"target\":[\"https:\\\/\\\/parkd.com\\\/fr\\\/download-case-study\\\/\"]}]},{\"@type\":\"ImageObject\",\"inLanguage\":\"fr-FR\",\"@id\":\"https:\\\/\\\/parkd.com\\\/fr\\\/download-case-study\\\/#primaryimage\",\"url\":\"https:\\\/\\\/parkd.com\\\/wp-content\\\/uploads\\\/2020\\\/07\\\/rentokil-square.jpg\",\"contentUrl\":\"https:\\\/\\\/parkd.com\\\/wp-content\\\/uploads\\\/2020\\\/07\\\/rentokil-square.jpg\",\"width\":952,\"height\":952},{\"@type\":\"BreadcrumbList\",\"@id\":\"https:\\\/\\\/parkd.com\\\/fr\\\/download-case-study\\\/#breadcrumb\",\"itemListElement\":[{\"@type\":\"ListItem\",\"position\":1,\"name\":\"Home\",\"item\":\"https:\\\/\\\/parkd.com\\\/fr\\\/\"},{\"@type\":\"ListItem\",\"position\":2,\"name\":\"Download Case Study\"}]},{\"@type\":\"WebSite\",\"@id\":\"https:\\\/\\\/parkd.com\\\/nl\\\/#website\",\"url\":\"https:\\\/\\\/parkd.com\\\/nl\\\/\",\"name\":\"Parkd\",\"description\":\"Parking so simple it feels like magic.\",\"publisher\":{\"@id\":\"https:\\\/\\\/parkd.com\\\/nl\\\/#organization\"},\"potentialAction\":[{\"@type\":\"SearchAction\",\"target\":{\"@type\":\"EntryPoint\",\"urlTemplate\":\"https:\\\/\\\/parkd.com\\\/nl\\\/?s={search_term_string}\"},\"query-input\":{\"@type\":\"PropertyValueSpecification\",\"valueRequired\":true,\"valueName\":\"search_term_string\"}}],\"inLanguage\":\"fr-FR\"},{\"@type\":\"Organization\",\"@id\":\"https:\\\/\\\/parkd.com\\\/nl\\\/#organization\",\"name\":\"Parkd\",\"url\":\"https:\\\/\\\/parkd.com\\\/nl\\\/\",\"logo\":{\"@type\":\"ImageObject\",\"inLanguage\":\"fr-FR\",\"@id\":\"https:\\\/\\\/parkd.com\\\/nl\\\/#\\\/schema\\\/logo\\\/image\\\/\",\"url\":\"http:\\\/\\\/parkd.com\\\/wp-content\\\/uploads\\\/2017\\\/09\\\/parkd-logo-white-blue.png\",\"contentUrl\":\"http:\\\/\\\/parkd.com\\\/wp-content\\\/uploads\\\/2017\\\/09\\\/parkd-logo-white-blue.png\",\"width\":600,\"height\":600,\"caption\":\"Parkd\"},\"image\":{\"@id\":\"https:\\\/\\\/parkd.com\\\/nl\\\/#\\\/schema\\\/logo\\\/image\\\/\"},\"sameAs\":[\"https:\\\/\\\/www.facebook.com\\\/parkdnl\\\/\",\"https:\\\/\\\/x.com\\\/iamparkd\",\"https:\\\/\\\/www.instagram.com\\\/iamparkd\\\/\",\"https:\\\/\\\/www.linkedin.com\\\/company\\\/17925645\\\/\"]}]}<\/script>\n<!-- \/ Yoast SEO plugin. -->","yoast_head_json":{"title":"\u00c9tude de cas : \u00e9conomies de co\u00fbts - Rentokil | Parkd","description":"Rentokil Special Hygiene \u00e9conomise 30% sur ses frais de stationnement mensuels et ne re\u00e7oit plus d'amendes de stationnement gr\u00e2ce \u00e0 Parkd. Vous vous demandez comment ces \u00e9conomies sont r\u00e9alis\u00e9es ? T\u00e9l\u00e9chargez l'\u00e9tude de cas gratuite ici.","robots":{"index":"index","follow":"follow","max-snippet":"max-snippet:-1","max-image-preview":"max-image-preview:large","max-video-preview":"max-video-preview:-1"},"canonical":"https:\/\/parkd.com\/fr\/download-case-study\/","og_locale":"fr_FR","og_type":"article","og_title":"\u00c9tude de cas : \u00e9conomies de co\u00fbts - Rentokil | Parkd","og_description":"Rentokil Special Hygiene \u00e9conomise 30% sur ses frais de stationnement mensuels et ne re\u00e7oit plus d'amendes de stationnement gr\u00e2ce \u00e0 Parkd. Vous vous demandez comment ces \u00e9conomies sont r\u00e9alis\u00e9es ? T\u00e9l\u00e9chargez l'\u00e9tude de cas gratuite ici.","og_url":"https:\/\/parkd.com\/fr\/download-case-study\/","og_site_name":"Parkd","article_publisher":"https:\/\/www.facebook.com\/parkdnl\/","article_modified_time":"2023-09-05T18:15:50+00:00","og_image":[{"width":952,"height":952,"url":"https:\/\/parkd.com\/wp-content\/uploads\/2020\/07\/rentokil-square.jpg","type":"image\/jpeg"}],"twitter_card":"summary_large_image","twitter_site":"@iamparkd","twitter_misc":{"Dur\u00e9e de lecture estim\u00e9e":"1 minute"},"schema":{"@context":"https:\/\/schema.org","@graph":[{"@type":"WebPage","@id":"https:\/\/parkd.com\/fr\/download-case-study\/","url":"https:\/\/parkd.com\/fr\/download-case-study\/","name":"\u00c9tude de cas : \u00e9conomies de co\u00fbts - Rentokil | Parkd","isPartOf":{"@id":"https:\/\/parkd.com\/nl\/#website"},"primaryImageOfPage":{"@id":"https:\/\/parkd.com\/fr\/download-case-study\/#primaryimage"},"image":{"@id":"https:\/\/parkd.com\/fr\/download-case-study\/#primaryimage"},"thumbnailUrl":"https:\/\/parkd.com\/wp-content\/uploads\/2020\/07\/rentokil-square.jpg","datePublished":"2020-07-07T15:39:01+00:00","dateModified":"2023-09-05T18:15:50+00:00","description":"Rentokil Special Hygiene \u00e9conomise 30% sur ses frais de stationnement mensuels et ne re\u00e7oit plus d'amendes de stationnement gr\u00e2ce \u00e0 Parkd. Vous vous demandez comment ces \u00e9conomies sont r\u00e9alis\u00e9es ? T\u00e9l\u00e9chargez l'\u00e9tude de cas gratuite ici.","breadcrumb":{"@id":"https:\/\/parkd.com\/fr\/download-case-study\/#breadcrumb"},"inLanguage":"fr-FR","potentialAction":[{"@type":"ReadAction","target":["https:\/\/parkd.com\/fr\/download-case-study\/"]}]},{"@type":"ImageObject","inLanguage":"fr-FR","@id":"https:\/\/parkd.com\/fr\/download-case-study\/#primaryimage","url":"https:\/\/parkd.com\/wp-content\/uploads\/2020\/07\/rentokil-square.jpg","contentUrl":"https:\/\/parkd.com\/wp-content\/uploads\/2020\/07\/rentokil-square.jpg","width":952,"height":952},{"@type":"BreadcrumbList","@id":"https:\/\/parkd.com\/fr\/download-case-study\/#breadcrumb","itemListElement":[{"@type":"ListItem","position":1,"name":"Home","item":"https:\/\/parkd.com\/fr\/"},{"@type":"ListItem","position":2,"name":"Download Case Study"}]},{"@type":"WebSite","@id":"https:\/\/parkd.com\/nl\/#website","url":"https:\/\/parkd.com\/nl\/","name":"Parkd","description":"Parking so simple it feels like magic.","publisher":{"@id":"https:\/\/parkd.com\/nl\/#organization"},"potentialAction":[{"@type":"SearchAction","target":{"@type":"EntryPoint","urlTemplate":"https:\/\/parkd.com\/nl\/?s={search_term_string}"},"query-input":{"@type":"PropertyValueSpecification","valueRequired":true,"valueName":"search_term_string"}}],"inLanguage":"fr-FR"},{"@type":"Organization","@id":"https:\/\/parkd.com\/nl\/#organization","name":"Parkd","url":"https:\/\/parkd.com\/nl\/","logo":{"@type":"ImageObject","inLanguage":"fr-FR","@id":"https:\/\/parkd.com\/nl\/#\/schema\/logo\/image\/","url":"http:\/\/parkd.com\/wp-content\/uploads\/2017\/09\/parkd-logo-white-blue.png","contentUrl":"http:\/\/parkd.com\/wp-content\/uploads\/2017\/09\/parkd-logo-white-blue.png","width":600,"height":600,"caption":"Parkd"},"image":{"@id":"https:\/\/parkd.com\/nl\/#\/schema\/logo\/image\/"},"sameAs":["https:\/\/www.facebook.com\/parkdnl\/","https:\/\/x.com\/iamparkd","https:\/\/www.instagram.com\/iamparkd\/","https:\/\/www.linkedin.com\/company\/17925645\/"]}]}},"_links":{"self":[{"href":"https:\/\/parkd.com\/fr\/wp-json\/wp\/v2\/pages\/4367","targetHints":{"allow":["GET"]}}],"collection":[{"href":"https:\/\/parkd.com\/fr\/wp-json\/wp\/v2\/pages"}],"about":[{"href":"https:\/\/parkd.com\/fr\/wp-json\/wp\/v2\/types\/page"}],"author":[{"embeddable":true,"href":"https:\/\/parkd.com\/fr\/wp-json\/wp\/v2\/users\/1"}],"replies":[{"embeddable":true,"href":"https:\/\/parkd.com\/fr\/wp-json\/wp\/v2\/comments?post=4367"}],"version-history":[{"count":3,"href":"https:\/\/parkd.com\/fr\/wp-json\/wp\/v2\/pages\/4367\/revisions"}],"predecessor-version":[{"id":4398,"href":"https:\/\/parkd.com\/fr\/wp-json\/wp\/v2\/pages\/4367\/revisions\/4398"}],"wp:featuredmedia":[{"embeddable":true,"href":"https:\/\/parkd.com\/fr\/wp-json\/wp\/v2\/media\/4368"}],"wp:attachment":[{"href":"https:\/\/parkd.com\/fr\/wp-json\/wp\/v2\/media?parent=4367"}],"curies":[{"name":"wp","href":"https:\/\/api.w.org\/{rel}","templated":true}]}}