{"id":4218,"date":"2023-08-09T16:09:05","date_gmt":"2023-08-09T15:09:05","guid":{"rendered":"https:\/\/parkd.com\/?page_id=4218"},"modified":"2023-08-24T11:35:32","modified_gmt":"2023-08-24T10:35:32","slug":"nos-clients","status":"publish","type":"page","link":"https:\/\/parkd.com\/fr\/nos-clients\/","title":{"rendered":"Nos clients"},"content":{"rendered":"","protected":false},"excerpt":{"rendered":"","protected":false},"author":7,"featured_media":4219,"parent":0,"menu_order":0,"comment_status":"closed","ping_status":"closed","template":"template-pages-corporate\/page-clients.php","meta":{"content-type":"","footnotes":""},"class_list":["post-4218","page","type-page","status-publish","has-post-thumbnail","hentry"],"acf":[],"yoast_head":"<!-- This site is optimized with the Yoast SEO plugin v27.4 - https:\/\/yoast.com\/product\/yoast-seo-wordpress\/ -->\n<title>Nos clients et nos r\u00e9sultats<\/title>\n<meta name=\"description\" content=\"D\u00e9couvrez comment Parkd vient en aide aux flottes comme la v\u00f4tre.\" \/>\n<meta name=\"robots\" content=\"index, follow, max-snippet:-1, max-image-preview:large, max-video-preview:-1\" \/>\n<link rel=\"canonical\" href=\"https:\/\/parkd.com\/fr\/nos-clients\/\" \/>\n<meta property=\"og:locale\" content=\"fr_FR\" \/>\n<meta property=\"og:type\" content=\"article\" \/>\n<meta property=\"og:title\" content=\"Nos clients et nos r\u00e9sultats\" \/>\n<meta property=\"og:description\" content=\"D\u00e9couvrez comment Parkd vient en aide aux flottes comme la v\u00f4tre.\" \/>\n<meta property=\"og:url\" content=\"https:\/\/parkd.com\/fr\/nos-clients\/\" \/>\n<meta property=\"og:site_name\" content=\"Parkd\" \/>\n<meta property=\"article:publisher\" content=\"https:\/\/www.facebook.com\/parkdnl\/\" \/>\n<meta property=\"article:modified_time\" content=\"2023-08-24T10:35:32+00:00\" \/>\n<meta property=\"og:image\" content=\"https:\/\/parkd.com\/wp-content\/uploads\/2020\/03\/vans_parked.jpg\" \/>\n\t<meta property=\"og:image:width\" content=\"2000\" \/>\n\t<meta property=\"og:image:height\" content=\"1000\" \/>\n\t<meta property=\"og:image:type\" content=\"image\/jpeg\" \/>\n<meta name=\"twitter:card\" content=\"summary_large_image\" \/>\n<meta name=\"twitter:site\" content=\"@iamparkd\" \/>\n<script type=\"application\/ld+json\" class=\"yoast-schema-graph\">{\"@context\":\"https:\\\/\\\/schema.org\",\"@graph\":[{\"@type\":\"WebPage\",\"@id\":\"https:\\\/\\\/parkd.com\\\/fr\\\/nos-clients\\\/\",\"url\":\"https:\\\/\\\/parkd.com\\\/fr\\\/nos-clients\\\/\",\"name\":\"Nos clients et nos r\u00e9sultats\",\"isPartOf\":{\"@id\":\"https:\\\/\\\/parkd.com\\\/nl\\\/#website\"},\"primaryImageOfPage\":{\"@id\":\"https:\\\/\\\/parkd.com\\\/fr\\\/nos-clients\\\/#primaryimage\"},\"image\":{\"@id\":\"https:\\\/\\\/parkd.com\\\/fr\\\/nos-clients\\\/#primaryimage\"},\"thumbnailUrl\":\"https:\\\/\\\/parkd.com\\\/wp-content\\\/uploads\\\/2020\\\/03\\\/vans_parked.jpg\",\"datePublished\":\"2023-08-09T15:09:05+00:00\",\"dateModified\":\"2023-08-24T10:35:32+00:00\",\"description\":\"D\u00e9couvrez comment Parkd vient en aide aux flottes comme la v\u00f4tre.\",\"breadcrumb\":{\"@id\":\"https:\\\/\\\/parkd.com\\\/fr\\\/nos-clients\\\/#breadcrumb\"},\"inLanguage\":\"fr-FR\",\"potentialAction\":[{\"@type\":\"ReadAction\",\"target\":[\"https:\\\/\\\/parkd.com\\\/fr\\\/nos-clients\\\/\"]}]},{\"@type\":\"ImageObject\",\"inLanguage\":\"fr-FR\",\"@id\":\"https:\\\/\\\/parkd.com\\\/fr\\\/nos-clients\\\/#primaryimage\",\"url\":\"https:\\\/\\\/parkd.com\\\/wp-content\\\/uploads\\\/2020\\\/03\\\/vans_parked.jpg\",\"contentUrl\":\"https:\\\/\\\/parkd.com\\\/wp-content\\\/uploads\\\/2020\\\/03\\\/vans_parked.jpg\",\"width\":2000,\"height\":1000},{\"@type\":\"BreadcrumbList\",\"@id\":\"https:\\\/\\\/parkd.com\\\/fr\\\/nos-clients\\\/#breadcrumb\",\"itemListElement\":[{\"@type\":\"ListItem\",\"position\":1,\"name\":\"Home\",\"item\":\"https:\\\/\\\/parkd.com\\\/fr\\\/\"},{\"@type\":\"ListItem\",\"position\":2,\"name\":\"Nos clients\"}]},{\"@type\":\"WebSite\",\"@id\":\"https:\\\/\\\/parkd.com\\\/nl\\\/#website\",\"url\":\"https:\\\/\\\/parkd.com\\\/nl\\\/\",\"name\":\"Parkd\",\"description\":\"Parking so simple it feels like magic.\",\"publisher\":{\"@id\":\"https:\\\/\\\/parkd.com\\\/nl\\\/#organization\"},\"potentialAction\":[{\"@type\":\"SearchAction\",\"target\":{\"@type\":\"EntryPoint\",\"urlTemplate\":\"https:\\\/\\\/parkd.com\\\/nl\\\/?s={search_term_string}\"},\"query-input\":{\"@type\":\"PropertyValueSpecification\",\"valueRequired\":true,\"valueName\":\"search_term_string\"}}],\"inLanguage\":\"fr-FR\"},{\"@type\":\"Organization\",\"@id\":\"https:\\\/\\\/parkd.com\\\/nl\\\/#organization\",\"name\":\"Parkd\",\"url\":\"https:\\\/\\\/parkd.com\\\/nl\\\/\",\"logo\":{\"@type\":\"ImageObject\",\"inLanguage\":\"fr-FR\",\"@id\":\"https:\\\/\\\/parkd.com\\\/nl\\\/#\\\/schema\\\/logo\\\/image\\\/\",\"url\":\"http:\\\/\\\/parkd.com\\\/wp-content\\\/uploads\\\/2017\\\/09\\\/parkd-logo-white-blue.png\",\"contentUrl\":\"http:\\\/\\\/parkd.com\\\/wp-content\\\/uploads\\\/2017\\\/09\\\/parkd-logo-white-blue.png\",\"width\":600,\"height\":600,\"caption\":\"Parkd\"},\"image\":{\"@id\":\"https:\\\/\\\/parkd.com\\\/nl\\\/#\\\/schema\\\/logo\\\/image\\\/\"},\"sameAs\":[\"https:\\\/\\\/www.facebook.com\\\/parkdnl\\\/\",\"https:\\\/\\\/x.com\\\/iamparkd\",\"https:\\\/\\\/www.instagram.com\\\/iamparkd\\\/\",\"https:\\\/\\\/www.linkedin.com\\\/company\\\/17925645\\\/\"]}]}<\/script>\n<!-- \/ Yoast SEO plugin. -->","yoast_head_json":{"title":"Nos clients et nos r\u00e9sultats","description":"D\u00e9couvrez comment Parkd vient en aide aux flottes comme la v\u00f4tre.","robots":{"index":"index","follow":"follow","max-snippet":"max-snippet:-1","max-image-preview":"max-image-preview:large","max-video-preview":"max-video-preview:-1"},"canonical":"https:\/\/parkd.com\/fr\/nos-clients\/","og_locale":"fr_FR","og_type":"article","og_title":"Nos clients et nos r\u00e9sultats","og_description":"D\u00e9couvrez comment Parkd vient en aide aux flottes comme la v\u00f4tre.","og_url":"https:\/\/parkd.com\/fr\/nos-clients\/","og_site_name":"Parkd","article_publisher":"https:\/\/www.facebook.com\/parkdnl\/","article_modified_time":"2023-08-24T10:35:32+00:00","og_image":[{"width":2000,"height":1000,"url":"https:\/\/parkd.com\/wp-content\/uploads\/2020\/03\/vans_parked.jpg","type":"image\/jpeg"}],"twitter_card":"summary_large_image","twitter_site":"@iamparkd","schema":{"@context":"https:\/\/schema.org","@graph":[{"@type":"WebPage","@id":"https:\/\/parkd.com\/fr\/nos-clients\/","url":"https:\/\/parkd.com\/fr\/nos-clients\/","name":"Nos clients et nos r\u00e9sultats","isPartOf":{"@id":"https:\/\/parkd.com\/nl\/#website"},"primaryImageOfPage":{"@id":"https:\/\/parkd.com\/fr\/nos-clients\/#primaryimage"},"image":{"@id":"https:\/\/parkd.com\/fr\/nos-clients\/#primaryimage"},"thumbnailUrl":"https:\/\/parkd.com\/wp-content\/uploads\/2020\/03\/vans_parked.jpg","datePublished":"2023-08-09T15:09:05+00:00","dateModified":"2023-08-24T10:35:32+00:00","description":"D\u00e9couvrez comment Parkd vient en aide aux flottes comme la v\u00f4tre.","breadcrumb":{"@id":"https:\/\/parkd.com\/fr\/nos-clients\/#breadcrumb"},"inLanguage":"fr-FR","potentialAction":[{"@type":"ReadAction","target":["https:\/\/parkd.com\/fr\/nos-clients\/"]}]},{"@type":"ImageObject","inLanguage":"fr-FR","@id":"https:\/\/parkd.com\/fr\/nos-clients\/#primaryimage","url":"https:\/\/parkd.com\/wp-content\/uploads\/2020\/03\/vans_parked.jpg","contentUrl":"https:\/\/parkd.com\/wp-content\/uploads\/2020\/03\/vans_parked.jpg","width":2000,"height":1000},{"@type":"BreadcrumbList","@id":"https:\/\/parkd.com\/fr\/nos-clients\/#breadcrumb","itemListElement":[{"@type":"ListItem","position":1,"name":"Home","item":"https:\/\/parkd.com\/fr\/"},{"@type":"ListItem","position":2,"name":"Nos clients"}]},{"@type":"WebSite","@id":"https:\/\/parkd.com\/nl\/#website","url":"https:\/\/parkd.com\/nl\/","name":"Parkd","description":"Parking so simple it feels like magic.","publisher":{"@id":"https:\/\/parkd.com\/nl\/#organization"},"potentialAction":[{"@type":"SearchAction","target":{"@type":"EntryPoint","urlTemplate":"https:\/\/parkd.com\/nl\/?s={search_term_string}"},"query-input":{"@type":"PropertyValueSpecification","valueRequired":true,"valueName":"search_term_string"}}],"inLanguage":"fr-FR"},{"@type":"Organization","@id":"https:\/\/parkd.com\/nl\/#organization","name":"Parkd","url":"https:\/\/parkd.com\/nl\/","logo":{"@type":"ImageObject","inLanguage":"fr-FR","@id":"https:\/\/parkd.com\/nl\/#\/schema\/logo\/image\/","url":"http:\/\/parkd.com\/wp-content\/uploads\/2017\/09\/parkd-logo-white-blue.png","contentUrl":"http:\/\/parkd.com\/wp-content\/uploads\/2017\/09\/parkd-logo-white-blue.png","width":600,"height":600,"caption":"Parkd"},"image":{"@id":"https:\/\/parkd.com\/nl\/#\/schema\/logo\/image\/"},"sameAs":["https:\/\/www.facebook.com\/parkdnl\/","https:\/\/x.com\/iamparkd","https:\/\/www.instagram.com\/iamparkd\/","https:\/\/www.linkedin.com\/company\/17925645\/"]}]}},"_links":{"self":[{"href":"https:\/\/parkd.com\/fr\/wp-json\/wp\/v2\/pages\/4218","targetHints":{"allow":["GET"]}}],"collection":[{"href":"https:\/\/parkd.com\/fr\/wp-json\/wp\/v2\/pages"}],"about":[{"href":"https:\/\/parkd.com\/fr\/wp-json\/wp\/v2\/types\/page"}],"author":[{"embeddable":true,"href":"https:\/\/parkd.com\/fr\/wp-json\/wp\/v2\/users\/7"}],"replies":[{"embeddable":true,"href":"https:\/\/parkd.com\/fr\/wp-json\/wp\/v2\/comments?post=4218"}],"version-history":[{"count":4,"href":"https:\/\/parkd.com\/fr\/wp-json\/wp\/v2\/pages\/4218\/revisions"}],"predecessor-version":[{"id":4282,"href":"https:\/\/parkd.com\/fr\/wp-json\/wp\/v2\/pages\/4218\/revisions\/4282"}],"wp:featuredmedia":[{"embeddable":true,"href":"https:\/\/parkd.com\/fr\/wp-json\/wp\/v2\/media\/4219"}],"wp:attachment":[{"href":"https:\/\/parkd.com\/fr\/wp-json\/wp\/v2\/media?parent=4218"}],"curies":[{"name":"wp","href":"https:\/\/api.w.org\/{rel}","templated":true}]}}